{"id":7,"date":"2017-02-08T10:50:01","date_gmt":"2017-02-08T10:50:01","guid":{"rendered":"https:\/\/heiligenrode.de\/?page_id=7"},"modified":"2021-02-13T19:22:10","modified_gmt":"2021-02-13T18:22:10","slug":"home","status":"publish","type":"page","link":"https:\/\/heiligenrode.de\/?page_id=7","title":{"rendered":"Willkommen in Heiligenrode"},"content":{"rendered":"<p>&#8230;oder besser gesagt auf unserer Webseite!<\/p>\n<p>Hier werden wir in den n\u00e4chsten Tagen-Wochen-Monaten-Jahren ganz viel Informationen \u00fcber unser sch\u00f6nes Heiligenrode zusammentragen und \u00fcber das Dorfleben informieren.<\/p>\n<p>Viel Spa\u00df beim st\u00f6bern&#8230;<\/p>\n","protected":false},"excerpt":{"rendered":"<p>&#8230;oder besser gesagt auf unserer Webseite! Hier werden wir in den n\u00e4chsten Tagen-Wochen-Monaten-Jahren ganz viel Informationen \u00fcber unser sch\u00f6nes Heiligenrode zusammentragen und \u00fcber das Dorfleben informieren. Viel Spa\u00df beim st\u00f6bern&#8230;<\/p>\n","protected":false},"author":4,"featured_media":0,"parent":0,"menu_order":0,"comment_status":"closed","ping_status":"closed","template":"","meta":{"footnotes":""},"class_list":["post-7","page","type-page","status-publish","hentry"],"_links":{"self":[{"href":"https:\/\/heiligenrode.de\/index.php?rest_route=\/wp\/v2\/pages\/7","targetHints":{"allow":["GET"]}}],"collection":[{"href":"https:\/\/heiligenrode.de\/index.php?rest_route=\/wp\/v2\/pages"}],"about":[{"href":"https:\/\/heiligenrode.de\/index.php?rest_route=\/wp\/v2\/types\/page"}],"author":[{"embeddable":true,"href":"https:\/\/heiligenrode.de\/index.php?rest_route=\/wp\/v2\/users\/4"}],"replies":[{"embeddable":true,"href":"https:\/\/heiligenrode.de\/index.php?rest_route=%2Fwp%2Fv2%2Fcomments&post=7"}],"version-history":[{"count":3,"href":"https:\/\/heiligenrode.de\/index.php?rest_route=\/wp\/v2\/pages\/7\/revisions"}],"predecessor-version":[{"id":36,"href":"https:\/\/heiligenrode.de\/index.php?rest_route=\/wp\/v2\/pages\/7\/revisions\/36"}],"wp:attachment":[{"href":"https:\/\/heiligenrode.de\/index.php?rest_route=%2Fwp%2Fv2%2Fmedia&parent=7"}],"curies":[{"name":"wp","href":"https:\/\/api.w.org\/{rel}","templated":true}]}}