{"id":303,"date":"2024-06-19T20:37:27","date_gmt":"2024-06-19T19:37:27","guid":{"rendered":"https:\/\/heiligenrode.de\/?page_id=303"},"modified":"2024-06-19T20:37:27","modified_gmt":"2024-06-19T19:37:27","slug":"geschichte","status":"publish","type":"page","link":"https:\/\/heiligenrode.de\/?page_id=303","title":{"rendered":"Geschichte"},"content":{"rendered":"\n<p>Etwas zur Geschichte Heiligenrodes&#8230;<\/p>\n\n\n\n<p>Heiligenrode, einst eine l\u00e4ndliche Siedlung, entstand rund um ein im 12. Jahrhundert von Ritter Friedrich von Mackenstedt gegr\u00fcndetes Benediktinerinnenkloster in einer waldreichen Landschaft. Die gut erhaltene Klosterkirche und weitere historische Geb\u00e4ude zeugen von der \u00fcber 800 Jahre alten Geschichte des Ortes. Mit dem Klosterbau entwickelten sich Infrastruktur und Landwirtschaft, was den Namen &#8222;Heiligenrode&#8220; pr\u00e4gte. Nach der Reformation wandelte sich das Kloster in ein Damenstift, erlebte aber im Drei\u00dfigj\u00e4hrigen Krieg seinen Niedergang.<\/p>\n\n\n\n<p>Im Zuge der Gemeindereform 1974 wurde Heiligenrode Teil der Gemeinde Stuhr. Heute ist der Ortsteil, der am Klosterbach liegt und die l\u00e4ndlich gepr\u00e4gten Bereiche Eggese, B\u00fcrstel und Siek umfasst, ein gr\u00f6\u00dferer Ort mit wenigen landwirtschaftlichen Betrieben und verschiedenen Wohnsiedlungen.<\/p>\n","protected":false},"excerpt":{"rendered":"<p>Etwas zur Geschichte Heiligenrodes&#8230; Heiligenrode, einst eine l\u00e4ndliche Siedlung, entstand rund um ein im 12. Jahrhundert von Ritter Friedrich von Mackenstedt gegr\u00fcndetes Benediktinerinnenkloster in einer waldreichen Landschaft. Die gut erhaltene Klosterkirche und weitere historische Geb\u00e4ude zeugen von der \u00fcber 800 &hellip; <a href=\"https:\/\/heiligenrode.de\/?page_id=303\">Weiterlesen <span class=\"meta-nav\">&rarr;<\/span><\/a><\/p>\n","protected":false},"author":4,"featured_media":0,"parent":0,"menu_order":0,"comment_status":"closed","ping_status":"closed","template":"","meta":{"footnotes":""},"class_list":["post-303","page","type-page","status-publish","hentry"],"_links":{"self":[{"href":"https:\/\/heiligenrode.de\/index.php?rest_route=\/wp\/v2\/pages\/303","targetHints":{"allow":["GET"]}}],"collection":[{"href":"https:\/\/heiligenrode.de\/index.php?rest_route=\/wp\/v2\/pages"}],"about":[{"href":"https:\/\/heiligenrode.de\/index.php?rest_route=\/wp\/v2\/types\/page"}],"author":[{"embeddable":true,"href":"https:\/\/heiligenrode.de\/index.php?rest_route=\/wp\/v2\/users\/4"}],"replies":[{"embeddable":true,"href":"https:\/\/heiligenrode.de\/index.php?rest_route=%2Fwp%2Fv2%2Fcomments&post=303"}],"version-history":[{"count":1,"href":"https:\/\/heiligenrode.de\/index.php?rest_route=\/wp\/v2\/pages\/303\/revisions"}],"predecessor-version":[{"id":304,"href":"https:\/\/heiligenrode.de\/index.php?rest_route=\/wp\/v2\/pages\/303\/revisions\/304"}],"wp:attachment":[{"href":"https:\/\/heiligenrode.de\/index.php?rest_route=%2Fwp%2Fv2%2Fmedia&parent=303"}],"curies":[{"name":"wp","href":"https:\/\/api.w.org\/{rel}","templated":true}]}}